{"id":50687,"date":"2021-02-07T21:58:40","date_gmt":"2021-02-07T21:58:40","guid":{"rendered":"https:\/\/ferdavefir.is\/message-received\/"},"modified":"2023-12-13T13:17:48","modified_gmt":"2023-12-13T13:17:48","slug":"message-received","status":"publish","type":"page","link":"https:\/\/ferdavefir.is\/en\/message-received\/","title":{"rendered":"Message received"},"content":{"rendered":"<p>[et_pb_section fb_built=&#8221;1&#8243; _builder_version=&#8221;4.8.2&#8243; background_color=&#8221;#1099a8&#8243; height=&#8221;40vw&#8221; custom_padding=&#8221;10%||5%||false|false&#8221; global_colors_info=&#8221;{}&#8221;][et_pb_row _builder_version=&#8221;4.8.2&#8243; _module_preset=&#8221;default&#8221; global_colors_info=&#8221;{}&#8221;][et_pb_column type=&#8221;4_4&#8243; _builder_version=&#8221;4.8.2&#8243; _module_preset=&#8221;default&#8221; global_colors_info=&#8221;{}&#8221;][et_pb_text _builder_version=&#8221;4.8.2&#8243; _module_preset=&#8221;default&#8221; text_text_color=&#8221;#FFFFFF&#8221; text_font_size=&#8221;18px&#8221; header_2_text_align=&#8221;center&#8221; header_2_text_color=&#8221;#FFFFFF&#8221; header_2_font_size=&#8221;42px&#8221; text_orientation=&#8221;center&#8221; global_colors_info=&#8221;{}&#8221;]<\/p>\n<h2>thank you for contacting<\/h2>\n<p>The message has been received and we will respond as soon as we can.<\/p>\n<p>[\/et_pb_text][\/et_pb_column][\/et_pb_row][et_pb_row _builder_version=&#8221;4.8.2&#8243; _module_preset=&#8221;default&#8221; global_colors_info=&#8221;{}&#8221;][et_pb_column type=&#8221;4_4&#8243; _builder_version=&#8221;4.8.2&#8243; _module_preset=&#8221;default&#8221; global_colors_info=&#8221;{}&#8221;][et_pb_button button_url=&#8221;https:\/\/ferdavefir.is\/en\/&#8221; button_text=&#8221;BACK TO FRONT PAGE&#8221; button_alignment=&#8221;center&#8221; _builder_version=&#8221;4.8.2&#8243; _module_preset=&#8221;default&#8221; global_colors_info=&#8221;{}&#8221;][\/et_pb_button][et_pb_code _builder_version=&#8221;4.14.6&#8243; _module_preset=&#8221;default&#8221; global_colors_info=&#8221;{}&#8221;]<!-- Google tag (gtag.js) --> <script async=\"\" src=\"https:\/\/www.googletagmanager.com\/gtag\/js?id=AW-10889624238\"><\/script> <script> window.dataLayer = window.dataLayer || []; function gtag(){dataLayer.push(arguments);} gtag('js', new Date()); gtag('config', 'AW-10889624238'); <\/script>[\/et_pb_code][\/et_pb_column][\/et_pb_row][\/et_pb_section]<\/p>\n","protected":false},"excerpt":{"rendered":"<p>thank you for contacting The message has been received and we will respond as soon as we can.<\/p>\n","protected":false},"author":1,"featured_media":0,"parent":0,"menu_order":0,"comment_status":"closed","ping_status":"closed","template":"","meta":{"_et_pb_use_builder":"on","_et_pb_old_content":"","_et_gb_content_width":"","footnotes":""},"class_list":["post-50687","page","type-page","status-publish","hentry"],"yoast_head":"<!-- This site is optimized with the Yoast SEO plugin v27.0 - https:\/\/yoast.com\/product\/yoast-seo-wordpress\/ -->\n<title>Message received - Fer\u00f0avefir<\/title>\n<meta name=\"robots\" content=\"index, follow, max-snippet:-1, max-image-preview:large, max-video-preview:-1\" \/>\n<link rel=\"canonical\" href=\"https:\/\/ferdavefir.is\/en\/message-received\/\" \/>\n<meta property=\"og:locale\" content=\"en_US\" \/>\n<meta property=\"og:type\" content=\"article\" \/>\n<meta property=\"og:title\" content=\"Message received - Fer\u00f0avefir\" \/>\n<meta property=\"og:description\" content=\"thank you for contacting The message has been received and we will respond as soon as we can.\" \/>\n<meta property=\"og:url\" content=\"https:\/\/ferdavefir.is\/en\/message-received\/\" \/>\n<meta property=\"og:site_name\" content=\"Fer\u00f0avefir\" \/>\n<meta property=\"article:publisher\" content=\"https:\/\/www.facebook.com\/ferdavefir\/\" \/>\n<meta property=\"article:modified_time\" content=\"2023-12-13T13:17:48+00:00\" \/>\n<meta property=\"og:image\" content=\"https:\/\/ferdavefir.is\/wp-content\/uploads\/2021\/08\/ferdavefir-scaled.jpeg\" \/>\n\t<meta property=\"og:image:width\" content=\"2000\" \/>\n\t<meta property=\"og:image:height\" content=\"740\" \/>\n\t<meta property=\"og:image:type\" content=\"image\/jpeg\" \/>\n<meta name=\"twitter:card\" content=\"summary_large_image\" \/>\n<meta name=\"twitter:label1\" content=\"Est. reading time\" \/>\n\t<meta name=\"twitter:data1\" content=\"1 minute\" \/>\n<script type=\"application\/ld+json\" class=\"yoast-schema-graph\">{\"@context\":\"https:\/\/schema.org\",\"@graph\":[{\"@type\":\"WebPage\",\"@id\":\"https:\/\/ferdavefir.is\/en\/message-received\/\",\"url\":\"https:\/\/ferdavefir.is\/en\/message-received\/\",\"name\":\"Message received - Fer\u00f0avefir\",\"isPartOf\":{\"@id\":\"https:\/\/ferdavefir.is\/en\/#website\"},\"datePublished\":\"2021-02-07T21:58:40+00:00\",\"dateModified\":\"2023-12-13T13:17:48+00:00\",\"breadcrumb\":{\"@id\":\"https:\/\/ferdavefir.is\/en\/message-received\/#breadcrumb\"},\"inLanguage\":\"en-US\",\"potentialAction\":[{\"@type\":\"ReadAction\",\"target\":[\"https:\/\/ferdavefir.is\/en\/message-received\/\"]}]},{\"@type\":\"BreadcrumbList\",\"@id\":\"https:\/\/ferdavefir.is\/en\/message-received\/#breadcrumb\",\"itemListElement\":[{\"@type\":\"ListItem\",\"position\":1,\"name\":\"Home\",\"item\":\"https:\/\/ferdavefir.is\/en\/travel-websites\/\"},{\"@type\":\"ListItem\",\"position\":2,\"name\":\"Message received\"}]},{\"@type\":\"WebSite\",\"@id\":\"https:\/\/ferdavefir.is\/en\/#website\",\"url\":\"https:\/\/ferdavefir.is\/en\/\",\"name\":\"Fer\u00f0avefir\",\"description\":\"Vefs\u00ed\u00f0uger\u00f0 og marka\u00f0sefni fyrir fer\u00f0a\u00fej\u00f3nustuna\",\"publisher\":{\"@id\":\"https:\/\/ferdavefir.is\/en\/#organization\"},\"potentialAction\":[{\"@type\":\"SearchAction\",\"target\":{\"@type\":\"EntryPoint\",\"urlTemplate\":\"https:\/\/ferdavefir.is\/en\/?s={search_term_string}\"},\"query-input\":{\"@type\":\"PropertyValueSpecification\",\"valueRequired\":true,\"valueName\":\"search_term_string\"}}],\"inLanguage\":\"en-US\"},{\"@type\":\"Organization\",\"@id\":\"https:\/\/ferdavefir.is\/en\/#organization\",\"name\":\"Fer\u00f0avefir\",\"url\":\"https:\/\/ferdavefir.is\/en\/\",\"logo\":{\"@type\":\"ImageObject\",\"inLanguage\":\"en-US\",\"@id\":\"https:\/\/ferdavefir.is\/en\/#\/schema\/logo\/image\/\",\"url\":\"https:\/\/ferdavefir.is\/wp-content\/uploads\/2018\/03\/merki_klippt_blagraenn_200.png\",\"contentUrl\":\"https:\/\/ferdavefir.is\/wp-content\/uploads\/2018\/03\/merki_klippt_blagraenn_200.png\",\"width\":200,\"height\":200,\"caption\":\"Fer\u00f0avefir\"},\"image\":{\"@id\":\"https:\/\/ferdavefir.is\/en\/#\/schema\/logo\/image\/\"},\"sameAs\":[\"https:\/\/www.facebook.com\/ferdavefir\/\"]}]}<\/script>\n<!-- \/ Yoast SEO plugin. -->","yoast_head_json":{"title":"Message received - Fer\u00f0avefir","robots":{"index":"index","follow":"follow","max-snippet":"max-snippet:-1","max-image-preview":"max-image-preview:large","max-video-preview":"max-video-preview:-1"},"canonical":"https:\/\/ferdavefir.is\/en\/message-received\/","og_locale":"en_US","og_type":"article","og_title":"Message received - Fer\u00f0avefir","og_description":"thank you for contacting The message has been received and we will respond as soon as we can.","og_url":"https:\/\/ferdavefir.is\/en\/message-received\/","og_site_name":"Fer\u00f0avefir","article_publisher":"https:\/\/www.facebook.com\/ferdavefir\/","article_modified_time":"2023-12-13T13:17:48+00:00","og_image":[{"width":2000,"height":740,"url":"https:\/\/ferdavefir.is\/wp-content\/uploads\/2021\/08\/ferdavefir-scaled.jpeg","type":"image\/jpeg"}],"twitter_card":"summary_large_image","twitter_misc":{"Est. reading time":"1 minute"},"schema":{"@context":"https:\/\/schema.org","@graph":[{"@type":"WebPage","@id":"https:\/\/ferdavefir.is\/en\/message-received\/","url":"https:\/\/ferdavefir.is\/en\/message-received\/","name":"Message received - Fer\u00f0avefir","isPartOf":{"@id":"https:\/\/ferdavefir.is\/en\/#website"},"datePublished":"2021-02-07T21:58:40+00:00","dateModified":"2023-12-13T13:17:48+00:00","breadcrumb":{"@id":"https:\/\/ferdavefir.is\/en\/message-received\/#breadcrumb"},"inLanguage":"en-US","potentialAction":[{"@type":"ReadAction","target":["https:\/\/ferdavefir.is\/en\/message-received\/"]}]},{"@type":"BreadcrumbList","@id":"https:\/\/ferdavefir.is\/en\/message-received\/#breadcrumb","itemListElement":[{"@type":"ListItem","position":1,"name":"Home","item":"https:\/\/ferdavefir.is\/en\/travel-websites\/"},{"@type":"ListItem","position":2,"name":"Message received"}]},{"@type":"WebSite","@id":"https:\/\/ferdavefir.is\/en\/#website","url":"https:\/\/ferdavefir.is\/en\/","name":"Fer\u00f0avefir","description":"Vefs\u00ed\u00f0uger\u00f0 og marka\u00f0sefni fyrir fer\u00f0a\u00fej\u00f3nustuna","publisher":{"@id":"https:\/\/ferdavefir.is\/en\/#organization"},"potentialAction":[{"@type":"SearchAction","target":{"@type":"EntryPoint","urlTemplate":"https:\/\/ferdavefir.is\/en\/?s={search_term_string}"},"query-input":{"@type":"PropertyValueSpecification","valueRequired":true,"valueName":"search_term_string"}}],"inLanguage":"en-US"},{"@type":"Organization","@id":"https:\/\/ferdavefir.is\/en\/#organization","name":"Fer\u00f0avefir","url":"https:\/\/ferdavefir.is\/en\/","logo":{"@type":"ImageObject","inLanguage":"en-US","@id":"https:\/\/ferdavefir.is\/en\/#\/schema\/logo\/image\/","url":"https:\/\/ferdavefir.is\/wp-content\/uploads\/2018\/03\/merki_klippt_blagraenn_200.png","contentUrl":"https:\/\/ferdavefir.is\/wp-content\/uploads\/2018\/03\/merki_klippt_blagraenn_200.png","width":200,"height":200,"caption":"Fer\u00f0avefir"},"image":{"@id":"https:\/\/ferdavefir.is\/en\/#\/schema\/logo\/image\/"},"sameAs":["https:\/\/www.facebook.com\/ferdavefir\/"]}]}},"_links":{"self":[{"href":"https:\/\/ferdavefir.is\/en\/wp-json\/wp\/v2\/pages\/50687","targetHints":{"allow":["GET"]}}],"collection":[{"href":"https:\/\/ferdavefir.is\/en\/wp-json\/wp\/v2\/pages"}],"about":[{"href":"https:\/\/ferdavefir.is\/en\/wp-json\/wp\/v2\/types\/page"}],"author":[{"embeddable":true,"href":"https:\/\/ferdavefir.is\/en\/wp-json\/wp\/v2\/users\/1"}],"replies":[{"embeddable":true,"href":"https:\/\/ferdavefir.is\/en\/wp-json\/wp\/v2\/comments?post=50687"}],"version-history":[{"count":4,"href":"https:\/\/ferdavefir.is\/en\/wp-json\/wp\/v2\/pages\/50687\/revisions"}],"predecessor-version":[{"id":50722,"href":"https:\/\/ferdavefir.is\/en\/wp-json\/wp\/v2\/pages\/50687\/revisions\/50722"}],"wp:attachment":[{"href":"https:\/\/ferdavefir.is\/en\/wp-json\/wp\/v2\/media?parent=50687"}],"curies":[{"name":"wp","href":"https:\/\/api.w.org\/{rel}","templated":true}]}}