{"id":50752,"date":"2019-04-22T15:48:57","date_gmt":"2019-04-22T15:48:57","guid":{"rendered":"https:\/\/ferdavefir.is\/the-works\/boiler-track\/"},"modified":"2023-12-13T13:21:40","modified_gmt":"2023-12-13T13:21:40","slug":"boiler-track","status":"publish","type":"page","link":"https:\/\/ferdavefir.is\/en\/the-works\/boiler-track\/","title":{"rendered":"Boiler track"},"content":{"rendered":"<p>[et_pb_section fb_built=&#8221;1&#8243; _builder_version=&#8221;3.22.4&#8243; background_color=&#8221;#174854&#8243; min_height=&#8221;970px&#8221; custom_padding=&#8221;||0px|||&#8221; global_colors_info=&#8221;{}&#8221;][et_pb_row _builder_version=&#8221;3.25&#8243; max_width=&#8221;1362px&#8221; module_alignment=&#8221;center&#8221; global_colors_info=&#8221;{}&#8221;][et_pb_column type=&#8221;4_4&#8243; _builder_version=&#8221;3.25&#8243; custom_padding=&#8221;|||&#8221; global_colors_info=&#8221;{}&#8221; custom_padding__hover=&#8221;|||&#8221;][et_pb_text _builder_version=&#8221;4.14.6&#8243; text_font=&#8221;Montserrat|||on|||||&#8221; text_font_size=&#8221;60px&#8221; header_2_font=&#8221;AVENIR|600|||||||&#8221; header_2_text_align=&#8221;right&#8221; header_2_text_color=&#8221;#ffffff&#8221; header_2_font_size=&#8221;100px&#8221; header_2_letter_spacing=&#8221;8px&#8221; custom_padding=&#8221;100px||100px||true|&#8221; hover_enabled=&#8221;0&#8243; global_colors_info=&#8221;{}&#8221; header_2_font_size_last_edited=&#8221;on|phone&#8221; header_2_font_size_phone=&#8221;35px&#8221; header_2_letter_spacing_last_edited=&#8221;on|phone&#8221; header_2_letter_spacing_phone=&#8221;2px&#8221; sticky_enabled=&#8221;0&#8243; custom_padding_last_edited=&#8221;on|phone&#8221; custom_padding_phone=&#8221;0px||0px||true|false&#8221; header_2_text_align_last_edited=&#8221;on|phone&#8221; header_2_text_align_phone=&#8221;left&#8221; header_2_font_size_tablet=&#8221;100px&#8221; header_2_letter_spacing_tablet=&#8221;8px&#8221; custom_padding_tablet=&#8221;100px||100px||true|&#8221; header_2_text_align_tablet=&#8221;right&#8221;]<\/p>\n<h2>BOILER TRACK<\/h2>\n<p>[\/et_pb_text][\/et_pb_column][\/et_pb_row][et_pb_row column_structure=&#8221;3_5,2_5&#8243; _builder_version=&#8221;4.14.6&#8243; max_width=&#8221;1200px&#8221; module_alignment=&#8221;center&#8221; min_height=&#8221;360px&#8221; custom_padding=&#8221;||170px||false|false&#8221; hover_enabled=&#8221;0&#8243; global_colors_info=&#8221;{}&#8221; sticky_enabled=&#8221;0&#8243;][et_pb_column type=&#8221;3_5&#8243; _builder_version=&#8221;3.25&#8243; custom_padding=&#8221;|||&#8221; global_colors_info=&#8221;{}&#8221; custom_padding__hover=&#8221;|||&#8221;][et_pb_text _builder_version=&#8221;4.14.6&#8243; text_font=&#8221;||||||||&#8221; text_text_color=&#8221;#ffffff&#8221; text_font_size=&#8221;22px&#8221; text_line_height=&#8221;1.4em&#8221; global_colors_info=&#8221;{}&#8221;]<\/p>\n<p class=\"p1\">Katlatrack is a tourism company that specializes in glacier tours in the vicinity of Katla. They needed a new website, but their old website hadn&#8217;t been updated in quite some time. We wanted the website to have a clear connection to the glacier and adventure, but at the same time we wanted to ensure that it would be easy to book trips with Katlatrack through the website.<\/p>\n<p class=\"p2\">\n<p class=\"p1\">We designed and implemented automated mailers for Katlatrack and connected to their booking system.<\/p>\n<p>[\/et_pb_text][\/et_pb_column][et_pb_column type=&#8221;2_5&#8243; _builder_version=&#8221;3.25&#8243; custom_padding=&#8221;|||&#8221; global_colors_info=&#8221;{}&#8221; custom_padding__hover=&#8221;|||&#8221;][et_pb_text _builder_version=&#8221;4.14.6&#8243; text_font=&#8221;||||||||&#8221; text_text_color=&#8221;#ffffff&#8221; text_font_size=&#8221;22px&#8221; text_line_height=&#8221;1.2em&#8221; header_font=&#8221;||||||||&#8221; custom_padding=&#8221;|||5%&#8221; border_color_all=&#8221;#ffffff&#8221; border_width_left=&#8221;2px&#8221; global_colors_info=&#8221;{}&#8221;]<\/p>\n<p><strong>Our role:<\/strong><\/p>\n<p>Web design<br \/>Design and installation of<br \/>automated mails<\/p>\n<p>[\/et_pb_text][et_pb_button button_url=&#8221;http:\/\/katlatrack.is&#8221; url_new_window=&#8221;on&#8221; button_text=&#8221;See website&#8221; button_alignment=&#8221;left&#8221; _builder_version=&#8221;3.22.4&#8243; custom_button=&#8221;on&#8221; button_text_size=&#8221;20px&#8221; button_bg_color=&#8221;#4D8BA5&#8243; button_border_width=&#8221;2px&#8221; button_border_color=&#8221;rgba(0,0,0,0)&#8221; button_border_radius=&#8221;35px&#8221; button_font=&#8221;AVENIR|500|||||||&#8221; button_use_icon=&#8221;off&#8221; global_colors_info=&#8221;{}&#8221; button_bg_color__hover_enabled=&#8221;on&#8221; button_bg_color__hover=&#8221;#4D8BA5&#8243; button_border_width__hover_enabled=&#8221;on&#8221; button_border_width__hover=&#8221;0px&#8221; button_border_color__hover_enabled=&#8221;on&#8221; button_border_color__hover=&#8221;rgba(0,0,0,0)&#8221; button_letter_spacing__hover_enabled=&#8221;on&#8221; button_letter_spacing__hover=&#8221;4px&#8221;][\/et_pb_button][\/et_pb_column][\/et_pb_row][\/et_pb_section][et_pb_section fb_built=&#8221;1&#8243; _builder_version=&#8221;4.14.6&#8243; background_color=&#8221;#205769&#8243; custom_padding=&#8221;60px||60px||true|false&#8221; global_colors_info=&#8221;{}&#8221;][et_pb_row _builder_version=&#8221;4.4.4&#8243; global_colors_info=&#8221;{}&#8221; theme_builder_area=&#8221;post_content&#8221;][et_pb_column type=&#8221;4_4&#8243; _builder_version=&#8221;4.4.4&#8243; global_colors_info=&#8221;{}&#8221; theme_builder_area=&#8221;post_content&#8221;][et_pb_text _builder_version=&#8221;4.14.6&#8243; header_3_font=&#8221;|||on|||||&#8221; header_3_text_color=&#8221;#ffffff&#8221; header_3_font_size=&#8221;4vw&#8221; hover_enabled=&#8221;0&#8243; header_3_font_size_tablet=&#8221;6vw&#8221; header_3_font_size_phone=&#8221;8vw&#8221; header_3_font_size_last_edited=&#8221;on|phone&#8221; global_colors_info=&#8221;{}&#8221; theme_builder_area=&#8221;post_content&#8221; sticky_enabled=&#8221;0&#8243;]<\/p>\n<h3>website<\/h3>\n<p>[\/et_pb_text][\/et_pb_column][\/et_pb_row][et_pb_row _builder_version=&#8221;3.25&#8243; global_colors_info=&#8221;{}&#8221;][et_pb_column type=&#8221;4_4&#8243; _builder_version=&#8221;3.25&#8243; custom_padding=&#8221;|||&#8221; global_colors_info=&#8221;{}&#8221; custom_padding__hover=&#8221;|||&#8221;][et_pb_image src=&#8221;https:\/\/ferdavefir.is\/wp-content\/uploads\/2019\/04\/katlatrack_web-copy.jpg&#8221; align_tablet=&#8221;center&#8221; align_phone=&#8221;center&#8221; align_last_edited=&#8221;on|desktop&#8221; _builder_version=&#8221;4.14.6&#8243; hover_enabled=&#8221;0&#8243; global_colors_info=&#8221;{}&#8221; box_shadow_style=&#8221;preset2&#8243; sticky_enabled=&#8221;0&#8243;][\/et_pb_image][et_pb_image src=&#8221;https:\/\/ferdavefir.is\/wp-content\/uploads\/2019\/04\/katlatrack_tour.jpg&#8221; align_tablet=&#8221;center&#8221; align_phone=&#8221;center&#8221; align_last_edited=&#8221;on|desktop&#8221; _builder_version=&#8221;4.14.6&#8243; hover_enabled=&#8221;0&#8243; global_colors_info=&#8221;{}&#8221; box_shadow_style=&#8221;preset2&#8243; sticky_enabled=&#8221;0&#8243;][\/et_pb_image][\/et_pb_column][\/et_pb_row][\/et_pb_section][et_pb_section fb_built=&#8221;1&#8243; _builder_version=&#8221;4.14.6&#8243; background_color=&#8221;#174854&#8243; custom_padding=&#8221;60px||60px||true|false&#8221; global_colors_info=&#8221;{}&#8221;][et_pb_row _builder_version=&#8221;4.14.6&#8243; hover_enabled=&#8221;0&#8243; global_colors_info=&#8221;{}&#8221; theme_builder_area=&#8221;post_content&#8221; max_width=&#8221;1200px&#8221; sticky_enabled=&#8221;0&#8243;][et_pb_column type=&#8221;4_4&#8243; _builder_version=&#8221;4.4.4&#8243; global_colors_info=&#8221;{}&#8221; theme_builder_area=&#8221;post_content&#8221;][et_pb_text _builder_version=&#8221;4.14.6&#8243; header_3_font=&#8221;|||on|||||&#8221; header_3_text_color=&#8221;#ffffff&#8221; header_3_font_size=&#8221;4vw&#8221; hover_enabled=&#8221;0&#8243; header_3_font_size_tablet=&#8221;6vw&#8221; header_3_font_size_phone=&#8221;30px&#8221; header_3_font_size_last_edited=&#8221;on|phone&#8221; global_colors_info=&#8221;{}&#8221; theme_builder_area=&#8221;post_content&#8221; sticky_enabled=&#8221;0&#8243;]<\/p>\n<h3>INFORMATION EMAILS<\/h3>\n<p>[\/et_pb_text][\/et_pb_column][\/et_pb_row][et_pb_row column_structure=&#8221;1_3,1_3,1_3&#8243; _builder_version=&#8221;4.14.6&#8243; max_width=&#8221;1200px&#8221; hover_enabled=&#8221;0&#8243; global_colors_info=&#8221;{}&#8221; sticky_enabled=&#8221;0&#8243;][et_pb_column type=&#8221;1_3&#8243; _builder_version=&#8221;3.25&#8243; custom_padding=&#8221;|||&#8221; global_colors_info=&#8221;{}&#8221; custom_padding__hover=&#8221;|||&#8221;][et_pb_image src=&#8221;https:\/\/ferdavefir.is\/wp-content\/uploads\/2019\/04\/KATLATRACK_CONFIRMATION.jpg&#8221; show_in_lightbox=&#8221;on&#8221; align_tablet=&#8221;center&#8221; align_phone=&#8221;center&#8221; align_last_edited=&#8221;on|desktop&#8221; _builder_version=&#8221;4.14.6&#8243; border_color_all=&#8221;#ffffff&#8221; global_colors_info=&#8221;{}&#8221; box_shadow_style=&#8221;preset2&#8243;][\/et_pb_image][\/et_pb_column][et_pb_column type=&#8221;1_3&#8243; _builder_version=&#8221;3.25&#8243; custom_padding=&#8221;|||&#8221; global_colors_info=&#8221;{}&#8221; custom_padding__hover=&#8221;|||&#8221;][et_pb_image src=&#8221;https:\/\/ferdavefir.is\/wp-content\/uploads\/2019\/04\/KATLATRACK_PRETOUR.jpg&#8221; show_in_lightbox=&#8221;on&#8221; align_tablet=&#8221;center&#8221; align_phone=&#8221;center&#8221; align_last_edited=&#8221;on|desktop&#8221; _builder_version=&#8221;4.14.6&#8243; border_color_all=&#8221;#ffffff&#8221; global_colors_info=&#8221;{}&#8221; box_shadow_style=&#8221;preset2&#8243;][\/et_pb_image][\/et_pb_column][et_pb_column type=&#8221;1_3&#8243; _builder_version=&#8221;3.25&#8243; custom_padding=&#8221;|||&#8221; global_colors_info=&#8221;{}&#8221; custom_padding__hover=&#8221;|||&#8221;][et_pb_image src=&#8221;https:\/\/ferdavefir.is\/wp-content\/uploads\/2019\/04\/KATLATRACK_REVIEW.jpg&#8221; show_in_lightbox=&#8221;on&#8221; align_tablet=&#8221;center&#8221; align_phone=&#8221;center&#8221; align_last_edited=&#8221;on|desktop&#8221; _builder_version=&#8221;4.14.6&#8243; hover_enabled=&#8221;0&#8243; border_color_all=&#8221;#ffffff&#8221; global_colors_info=&#8221;{}&#8221; box_shadow_style=&#8221;preset2&#8243; sticky_enabled=&#8221;0&#8243;][\/et_pb_image][\/et_pb_column][\/et_pb_row][\/et_pb_section]<\/p>\n","protected":false},"excerpt":{"rendered":"<p>BOILER TRACKKatlatrack is a tourism company that specializes in glacier tours in the vicinity of Katla. They needed a new website, but their old website hadn&#8217;t been updated in quite some time. We wanted the website to have a clear connection to the glacier and adventure, but at the same time we wanted to ensure [&hellip;]<\/p>\n","protected":false},"author":1,"featured_media":0,"parent":50662,"menu_order":0,"comment_status":"closed","ping_status":"closed","template":"","meta":{"_et_pb_use_builder":"on","_et_pb_old_content":"","_et_gb_content_width":"","footnotes":""},"class_list":["post-50752","page","type-page","status-publish","hentry"],"yoast_head":"<!-- This site is optimized with the Yoast SEO plugin v27.5 - https:\/\/yoast.com\/product\/yoast-seo-wordpress\/ -->\n<title>Boiler track - Fer\u00f0avefir<\/title>\n<meta name=\"robots\" content=\"index, follow, max-snippet:-1, max-image-preview:large, max-video-preview:-1\" \/>\n<link rel=\"canonical\" href=\"https:\/\/ferdavefir.is\/en\/the-works\/boiler-track\/\" \/>\n<meta property=\"og:locale\" content=\"en_US\" \/>\n<meta property=\"og:type\" content=\"article\" \/>\n<meta property=\"og:title\" content=\"Boiler track - Fer\u00f0avefir\" \/>\n<meta property=\"og:description\" content=\"BOILER TRACKKatlatrack is a tourism company that specializes in glacier tours in the vicinity of Katla. They needed a new website, but their old website hadn&#039;t been updated in quite some time. We wanted the website to have a clear connection to the glacier and adventure, but at the same time we wanted to ensure [&hellip;]\" \/>\n<meta property=\"og:url\" content=\"https:\/\/ferdavefir.is\/en\/the-works\/boiler-track\/\" \/>\n<meta property=\"og:site_name\" content=\"Fer\u00f0avefir\" \/>\n<meta property=\"article:publisher\" content=\"https:\/\/www.facebook.com\/ferdavefir\/\" \/>\n<meta property=\"article:modified_time\" content=\"2023-12-13T13:21:40+00:00\" \/>\n<meta property=\"og:image\" content=\"https:\/\/ferdavefir.is\/wp-content\/uploads\/2021\/08\/ferdavefir-scaled.jpeg\" \/>\n\t<meta property=\"og:image:width\" content=\"2000\" \/>\n\t<meta property=\"og:image:height\" content=\"740\" \/>\n\t<meta property=\"og:image:type\" content=\"image\/jpeg\" \/>\n<meta name=\"twitter:card\" content=\"summary_large_image\" \/>\n<meta name=\"twitter:label1\" content=\"Est. reading time\" \/>\n\t<meta name=\"twitter:data1\" content=\"5 minutes\" \/>\n<script type=\"application\/ld+json\" class=\"yoast-schema-graph\">{\"@context\":\"https:\\\/\\\/schema.org\",\"@graph\":[{\"@type\":\"WebPage\",\"@id\":\"https:\\\/\\\/ferdavefir.is\\\/en\\\/the-works\\\/boiler-track\\\/\",\"url\":\"https:\\\/\\\/ferdavefir.is\\\/en\\\/the-works\\\/boiler-track\\\/\",\"name\":\"Boiler track - Fer\u00f0avefir\",\"isPartOf\":{\"@id\":\"https:\\\/\\\/ferdavefir.is\\\/en\\\/#website\"},\"datePublished\":\"2019-04-22T15:48:57+00:00\",\"dateModified\":\"2023-12-13T13:21:40+00:00\",\"breadcrumb\":{\"@id\":\"https:\\\/\\\/ferdavefir.is\\\/en\\\/the-works\\\/boiler-track\\\/#breadcrumb\"},\"inLanguage\":\"en-US\",\"potentialAction\":[{\"@type\":\"ReadAction\",\"target\":[\"https:\\\/\\\/ferdavefir.is\\\/en\\\/the-works\\\/boiler-track\\\/\"]}]},{\"@type\":\"BreadcrumbList\",\"@id\":\"https:\\\/\\\/ferdavefir.is\\\/en\\\/the-works\\\/boiler-track\\\/#breadcrumb\",\"itemListElement\":[{\"@type\":\"ListItem\",\"position\":1,\"name\":\"Home\",\"item\":\"https:\\\/\\\/ferdavefir.is\\\/en\\\/travel-websites\\\/\"},{\"@type\":\"ListItem\",\"position\":2,\"name\":\"THE WORKS\",\"item\":\"https:\\\/\\\/ferdavefir.is\\\/en\\\/the-works\\\/\"},{\"@type\":\"ListItem\",\"position\":3,\"name\":\"Boiler track\"}]},{\"@type\":\"WebSite\",\"@id\":\"https:\\\/\\\/ferdavefir.is\\\/en\\\/#website\",\"url\":\"https:\\\/\\\/ferdavefir.is\\\/en\\\/\",\"name\":\"Fer\u00f0avefir\",\"description\":\"Vefs\u00ed\u00f0uger\u00f0 og marka\u00f0sefni fyrir fer\u00f0a\u00fej\u00f3nustuna\",\"publisher\":{\"@id\":\"https:\\\/\\\/ferdavefir.is\\\/en\\\/#organization\"},\"potentialAction\":[{\"@type\":\"SearchAction\",\"target\":{\"@type\":\"EntryPoint\",\"urlTemplate\":\"https:\\\/\\\/ferdavefir.is\\\/en\\\/?s={search_term_string}\"},\"query-input\":{\"@type\":\"PropertyValueSpecification\",\"valueRequired\":true,\"valueName\":\"search_term_string\"}}],\"inLanguage\":\"en-US\"},{\"@type\":\"Organization\",\"@id\":\"https:\\\/\\\/ferdavefir.is\\\/en\\\/#organization\",\"name\":\"Fer\u00f0avefir\",\"url\":\"https:\\\/\\\/ferdavefir.is\\\/en\\\/\",\"logo\":{\"@type\":\"ImageObject\",\"inLanguage\":\"en-US\",\"@id\":\"https:\\\/\\\/ferdavefir.is\\\/en\\\/#\\\/schema\\\/logo\\\/image\\\/\",\"url\":\"https:\\\/\\\/ferdavefir.is\\\/wp-content\\\/uploads\\\/2018\\\/03\\\/merki_klippt_blagraenn_200.png\",\"contentUrl\":\"https:\\\/\\\/ferdavefir.is\\\/wp-content\\\/uploads\\\/2018\\\/03\\\/merki_klippt_blagraenn_200.png\",\"width\":200,\"height\":200,\"caption\":\"Fer\u00f0avefir\"},\"image\":{\"@id\":\"https:\\\/\\\/ferdavefir.is\\\/en\\\/#\\\/schema\\\/logo\\\/image\\\/\"},\"sameAs\":[\"https:\\\/\\\/www.facebook.com\\\/ferdavefir\\\/\"]}]}<\/script>\n<!-- \/ Yoast SEO plugin. -->","yoast_head_json":{"title":"Boiler track - Fer\u00f0avefir","robots":{"index":"index","follow":"follow","max-snippet":"max-snippet:-1","max-image-preview":"max-image-preview:large","max-video-preview":"max-video-preview:-1"},"canonical":"https:\/\/ferdavefir.is\/en\/the-works\/boiler-track\/","og_locale":"en_US","og_type":"article","og_title":"Boiler track - Fer\u00f0avefir","og_description":"BOILER TRACKKatlatrack is a tourism company that specializes in glacier tours in the vicinity of Katla. They needed a new website, but their old website hadn't been updated in quite some time. We wanted the website to have a clear connection to the glacier and adventure, but at the same time we wanted to ensure [&hellip;]","og_url":"https:\/\/ferdavefir.is\/en\/the-works\/boiler-track\/","og_site_name":"Fer\u00f0avefir","article_publisher":"https:\/\/www.facebook.com\/ferdavefir\/","article_modified_time":"2023-12-13T13:21:40+00:00","og_image":[{"width":2000,"height":740,"url":"https:\/\/ferdavefir.is\/wp-content\/uploads\/2021\/08\/ferdavefir-scaled.jpeg","type":"image\/jpeg"}],"twitter_card":"summary_large_image","twitter_misc":{"Est. reading time":"5 minutes"},"schema":{"@context":"https:\/\/schema.org","@graph":[{"@type":"WebPage","@id":"https:\/\/ferdavefir.is\/en\/the-works\/boiler-track\/","url":"https:\/\/ferdavefir.is\/en\/the-works\/boiler-track\/","name":"Boiler track - Fer\u00f0avefir","isPartOf":{"@id":"https:\/\/ferdavefir.is\/en\/#website"},"datePublished":"2019-04-22T15:48:57+00:00","dateModified":"2023-12-13T13:21:40+00:00","breadcrumb":{"@id":"https:\/\/ferdavefir.is\/en\/the-works\/boiler-track\/#breadcrumb"},"inLanguage":"en-US","potentialAction":[{"@type":"ReadAction","target":["https:\/\/ferdavefir.is\/en\/the-works\/boiler-track\/"]}]},{"@type":"BreadcrumbList","@id":"https:\/\/ferdavefir.is\/en\/the-works\/boiler-track\/#breadcrumb","itemListElement":[{"@type":"ListItem","position":1,"name":"Home","item":"https:\/\/ferdavefir.is\/en\/travel-websites\/"},{"@type":"ListItem","position":2,"name":"THE WORKS","item":"https:\/\/ferdavefir.is\/en\/the-works\/"},{"@type":"ListItem","position":3,"name":"Boiler track"}]},{"@type":"WebSite","@id":"https:\/\/ferdavefir.is\/en\/#website","url":"https:\/\/ferdavefir.is\/en\/","name":"Fer\u00f0avefir","description":"Vefs\u00ed\u00f0uger\u00f0 og marka\u00f0sefni fyrir fer\u00f0a\u00fej\u00f3nustuna","publisher":{"@id":"https:\/\/ferdavefir.is\/en\/#organization"},"potentialAction":[{"@type":"SearchAction","target":{"@type":"EntryPoint","urlTemplate":"https:\/\/ferdavefir.is\/en\/?s={search_term_string}"},"query-input":{"@type":"PropertyValueSpecification","valueRequired":true,"valueName":"search_term_string"}}],"inLanguage":"en-US"},{"@type":"Organization","@id":"https:\/\/ferdavefir.is\/en\/#organization","name":"Fer\u00f0avefir","url":"https:\/\/ferdavefir.is\/en\/","logo":{"@type":"ImageObject","inLanguage":"en-US","@id":"https:\/\/ferdavefir.is\/en\/#\/schema\/logo\/image\/","url":"https:\/\/ferdavefir.is\/wp-content\/uploads\/2018\/03\/merki_klippt_blagraenn_200.png","contentUrl":"https:\/\/ferdavefir.is\/wp-content\/uploads\/2018\/03\/merki_klippt_blagraenn_200.png","width":200,"height":200,"caption":"Fer\u00f0avefir"},"image":{"@id":"https:\/\/ferdavefir.is\/en\/#\/schema\/logo\/image\/"},"sameAs":["https:\/\/www.facebook.com\/ferdavefir\/"]}]}},"_links":{"self":[{"href":"https:\/\/ferdavefir.is\/en\/wp-json\/wp\/v2\/pages\/50752","targetHints":{"allow":["GET"]}}],"collection":[{"href":"https:\/\/ferdavefir.is\/en\/wp-json\/wp\/v2\/pages"}],"about":[{"href":"https:\/\/ferdavefir.is\/en\/wp-json\/wp\/v2\/types\/page"}],"author":[{"embeddable":true,"href":"https:\/\/ferdavefir.is\/en\/wp-json\/wp\/v2\/users\/1"}],"replies":[{"embeddable":true,"href":"https:\/\/ferdavefir.is\/en\/wp-json\/wp\/v2\/comments?post=50752"}],"version-history":[{"count":4,"href":"https:\/\/ferdavefir.is\/en\/wp-json\/wp\/v2\/pages\/50752\/revisions"}],"predecessor-version":[{"id":50793,"href":"https:\/\/ferdavefir.is\/en\/wp-json\/wp\/v2\/pages\/50752\/revisions\/50793"}],"up":[{"embeddable":true,"href":"https:\/\/ferdavefir.is\/en\/wp-json\/wp\/v2\/pages\/50662"}],"wp:attachment":[{"href":"https:\/\/ferdavefir.is\/en\/wp-json\/wp\/v2\/media?parent=50752"}],"curies":[{"name":"wp","href":"https:\/\/api.w.org\/{rel}","templated":true}]}}