{"id":50753,"date":"2019-04-22T11:00:56","date_gmt":"2019-04-22T11:00:56","guid":{"rendered":"https:\/\/ferdavefir.is\/the-works\/au44\/"},"modified":"2023-12-13T13:21:33","modified_gmt":"2023-12-13T13:21:33","slug":"au44","status":"publish","type":"page","link":"https:\/\/ferdavefir.is\/en\/the-works\/au44\/","title":{"rendered":"AU44"},"content":{"rendered":"<p>[et_pb_section fb_built=&#8221;1&#8243; _builder_version=&#8221;3.22.4&#8243; background_color=&#8221;#4F556C&#8221; min_height=&#8221;970px&#8221; custom_padding=&#8221;||0px|||&#8221; global_colors_info=&#8221;{}&#8221;][et_pb_row _builder_version=&#8221;3.25&#8243; max_width=&#8221;1362px&#8221; module_alignment=&#8221;center&#8221; global_colors_info=&#8221;{}&#8221;][et_pb_column type=&#8221;4_4&#8243; _builder_version=&#8221;3.25&#8243; custom_padding=&#8221;|||&#8221; global_colors_info=&#8221;{}&#8221; custom_padding__hover=&#8221;|||&#8221;][et_pb_text _builder_version=&#8221;3.27.4&#8243; text_font=&#8221;Montserrat|||on|||||&#8221; text_font_size=&#8221;60px&#8221; header_2_font=&#8221;AVENIR|600|||||||&#8221; header_2_text_align=&#8221;right&#8221; header_2_text_color=&#8221;#ffffff&#8221; header_2_font_size=&#8221;100px&#8221; header_2_letter_spacing=&#8221;8px&#8221; custom_padding=&#8221;100px||100px||true|&#8221; global_colors_info=&#8221;{}&#8221;]<\/p>\n<h2>AU44<\/h2>\n<p>[\/et_pb_text][\/et_pb_column][\/et_pb_row][et_pb_row _builder_version=&#8221;4.14.6&#8243; max_width=&#8221;1200px&#8221; module_alignment=&#8221;center&#8221; min_height=&#8221;360px&#8221; custom_padding=&#8221;||170px||false|false&#8221; hover_enabled=&#8221;0&#8243; global_colors_info=&#8221;{}&#8221; column_structure=&#8221;3_5,2_5&#8243; sticky_enabled=&#8221;0&#8243;][et_pb_column type=&#8221;3_5&#8243; _builder_version=&#8221;3.25&#8243; custom_padding=&#8221;|||&#8221; global_colors_info=&#8221;{}&#8221; custom_padding__hover=&#8221;|||&#8221;][et_pb_text _builder_version=&#8221;4.14.6&#8243; text_font=&#8221;||||||||&#8221; text_text_color=&#8221;#ffffff&#8221; text_font_size=&#8221;22px&#8221; text_line_height=&#8221;1.4em&#8221; hover_enabled=&#8221;0&#8243; global_colors_info=&#8221;{}&#8221; sticky_enabled=&#8221;0&#8243;]<\/p>\n<p class=\"p1\">The owner of AU44 Hostel approached us because he wanted to combine all his accommodations under the same brand, but together with AU44 Hostel he also runs bungalows around Fl\u00fa\u00f0ir and two apartments in Selfoss. We decided to use the AU44 brand for all the accommodations, but split the operation into three: AU44 Cottages, AU44 Apartments and AU44 Hostel.<\/p>\n<p class=\"p1\">We took photographs of the accommodations, but it was important to maintain consistency so that it was clear that the accommodations were all under the same brand. Additionally, we set up a three-part website for AU44, but we wanted the website to reflect the stylish atmosphere of the AU44 properties.<\/p>\n<p class=\"p1\">Communication with guests was extremely important to AU44, but since the accommodations are in different locations and all the units have key codes, it was very important to get the information to the guest safely. So we designed HTML posts for AU44, adapted for each unit and implemented the posts in their booking system. The emails are automatic and sent out immediately after booking, 3 days before check-in and 3 days after the end of the stay.<\/p>\n<p>[\/et_pb_text][\/et_pb_column][et_pb_column type=&#8221;2_5&#8243; _builder_version=&#8221;3.25&#8243; custom_padding=&#8221;|||&#8221; global_colors_info=&#8221;{}&#8221; custom_padding__hover=&#8221;|||&#8221;][et_pb_text _builder_version=&#8221;4.14.6&#8243; text_font=&#8221;||||||||&#8221; text_text_color=&#8221;#ffffff&#8221; text_font_size=&#8221;22px&#8221; text_line_height=&#8221;1.2em&#8221; header_font=&#8221;||||||||&#8221; custom_padding=&#8221;|||5%&#8221; border_color_all=&#8221;#ffffff&#8221; border_width_left=&#8221;2px&#8221; global_colors_info=&#8221;{}&#8221;]<\/p>\n<p>Our role:<\/p>\n<p>Web design<br \/> Installation of booking engine<br \/>  Photography<br \/> Design and installation of<br \/> automated mails<\/p>\n<p>[\/et_pb_text][et_pb_button button_url=&#8221;http:\/\/au44.is&#8221; url_new_window=&#8221;on&#8221; button_text=&#8221;See website&#8221; button_alignment=&#8221;left&#8221; _builder_version=&#8221;3.22.4&#8243; custom_button=&#8221;on&#8221; button_text_size=&#8221;20px&#8221; button_bg_color=&#8221;#9d786e&#8221; button_border_width=&#8221;2px&#8221; button_border_color=&#8221;rgba(0,0,0,0)&#8221; button_border_radius=&#8221;35px&#8221; button_font=&#8221;AVENIR|500|||||||&#8221; button_use_icon=&#8221;off&#8221; global_colors_info=&#8221;{}&#8221; button_bg_color__hover_enabled=&#8221;on&#8221; button_bg_color__hover=&#8221;#9D786E&#8221; button_border_width__hover_enabled=&#8221;on&#8221; button_border_width__hover=&#8221;0px&#8221; button_border_color__hover_enabled=&#8221;on&#8221; button_border_color__hover=&#8221;rgba(0,0,0,0)&#8221; button_letter_spacing__hover_enabled=&#8221;on&#8221; button_letter_spacing__hover=&#8221;4px&#8221;][\/et_pb_button][\/et_pb_column][\/et_pb_row][\/et_pb_section][et_pb_section fb_built=&#8221;1&#8243; _builder_version=&#8221;3.22.4&#8243; custom_padding=&#8221;0px||0px|||&#8221; global_colors_info=&#8221;{}&#8221;][et_pb_row _builder_version=&#8221;3.25&#8243; width=&#8221;100%&#8221; max_width=&#8221;1920px&#8221; custom_padding=&#8221;0px||0px|||&#8221; global_colors_info=&#8221;{}&#8221;][et_pb_column type=&#8221;4_4&#8243; _builder_version=&#8221;3.25&#8243; custom_padding=&#8221;|||&#8221; global_colors_info=&#8221;{}&#8221; custom_padding__hover=&#8221;|||&#8221;][et_pb_image src=&#8221;https:\/\/ferdavefir.is\/wp-content\/uploads\/2019\/04\/au44_front.png&#8221; align_tablet=&#8221;center&#8221; align_last_edited=&#8221;on|desktop&#8221; _builder_version=&#8221;3.23&#8243; global_colors_info=&#8221;{}&#8221; align_phone=&#8221;center&#8221;][\/et_pb_image][\/et_pb_column][\/et_pb_row][\/et_pb_section][et_pb_section fb_built=&#8221;1&#8243; _builder_version=&#8221;3.22.4&#8243; background_color=&#8221;#1A2238&#8243; custom_padding=&#8221;150px||150px||true|&#8221; global_colors_info=&#8221;{}&#8221;][et_pb_row _builder_version=&#8221;4.14.6&#8243; hover_enabled=&#8221;0&#8243; global_colors_info=&#8221;{}&#8221; theme_builder_area=&#8221;post_content&#8221; max_width=&#8221;1200px&#8221; sticky_enabled=&#8221;0&#8243;][et_pb_column type=&#8221;4_4&#8243; _builder_version=&#8221;4.4.4&#8243; global_colors_info=&#8221;{}&#8221; theme_builder_area=&#8221;post_content&#8221;][et_pb_text _builder_version=&#8221;4.14.6&#8243; header_3_font=&#8221;|||on|||||&#8221; header_3_text_color=&#8221;#ffffff&#8221; header_3_font_size=&#8221;4vw&#8221; hover_enabled=&#8221;0&#8243; header_3_font_size_tablet=&#8221;6vw&#8221; header_3_font_size_phone=&#8221;8vw&#8221; header_3_font_size_last_edited=&#8221;on|phone&#8221; global_colors_info=&#8221;{}&#8221; theme_builder_area=&#8221;post_content&#8221; sticky_enabled=&#8221;0&#8243;]<\/p>\n<h3>Photography<\/h3>\n<p>[\/et_pb_text][\/et_pb_column][\/et_pb_row][et_pb_row _builder_version=&#8221;4.14.6&#8243; max_width=&#8221;1200px&#8221; hover_enabled=&#8221;0&#8243; global_colors_info=&#8221;{}&#8221; column_structure=&#8221;1_3,1_3,1_3&#8243; width__hover_enabled=&#8221;off|desktop&#8221; width_last_edited=&#8221;off|desktop&#8221; sticky_enabled=&#8221;0&#8243;][et_pb_column type=&#8221;1_3&#8243; _builder_version=&#8221;3.25&#8243; custom_padding=&#8221;|||&#8221; global_colors_info=&#8221;{}&#8221; custom_padding__hover=&#8221;|||&#8221;][et_pb_image src=&#8221;https:\/\/ferdavefir.is\/wp-content\/uploads\/2019\/04\/au441-1.jpg&#8221; align_tablet=&#8221;center&#8221; align_last_edited=&#8221;on|desktop&#8221; _builder_version=&#8221;3.23&#8243; global_colors_info=&#8221;{}&#8221; align_phone=&#8221;center&#8221;][\/et_pb_image][\/et_pb_column][et_pb_column type=&#8221;1_3&#8243; _builder_version=&#8221;3.25&#8243; custom_padding=&#8221;|||&#8221; global_colors_info=&#8221;{}&#8221; custom_padding__hover=&#8221;|||&#8221;][et_pb_image src=&#8221;https:\/\/ferdavefir.is\/wp-content\/uploads\/2019\/04\/arngrimslundur3-1.jpg&#8221; align_tablet=&#8221;center&#8221; align_last_edited=&#8221;on|desktop&#8221; _builder_version=&#8221;3.23&#8243; global_colors_info=&#8221;{}&#8221; align_phone=&#8221;center&#8221;][\/et_pb_image][\/et_pb_column][et_pb_column type=&#8221;1_3&#8243; _builder_version=&#8221;3.25&#8243; custom_padding=&#8221;|||&#8221; global_colors_info=&#8221;{}&#8221; custom_padding__hover=&#8221;|||&#8221;][et_pb_image src=&#8221;https:\/\/ferdavefir.is\/wp-content\/uploads\/2019\/04\/studio12.jpg&#8221; align_tablet=&#8221;center&#8221; align_last_edited=&#8221;on|desktop&#8221; _builder_version=&#8221;3.23&#8243; global_colors_info=&#8221;{}&#8221; align_phone=&#8221;center&#8221;][\/et_pb_image][\/et_pb_column][\/et_pb_row][et_pb_row _builder_version=&#8221;4.14.6&#8243; max_width=&#8221;1200px&#8221; hover_enabled=&#8221;0&#8243; global_colors_info=&#8221;{}&#8221; column_structure=&#8221;1_3,1_3,1_3&#8243; sticky_enabled=&#8221;0&#8243;][et_pb_column type=&#8221;1_3&#8243; _builder_version=&#8221;3.25&#8243; custom_padding=&#8221;|||&#8221; global_colors_info=&#8221;{}&#8221; custom_padding__hover=&#8221;|||&#8221;][et_pb_image src=&#8221;https:\/\/ferdavefir.is\/wp-content\/uploads\/2019\/04\/au4412.jpg&#8221; align_tablet=&#8221;center&#8221; align_last_edited=&#8221;on|desktop&#8221; _builder_version=&#8221;3.23&#8243; width=&#8221;100%&#8221; max_width=&#8221;1500px&#8221; global_colors_info=&#8221;{}&#8221; align_phone=&#8221;center&#8221;][\/et_pb_image][\/et_pb_column][et_pb_column type=&#8221;1_3&#8243; _builder_version=&#8221;3.25&#8243; custom_padding=&#8221;|||&#8221; global_colors_info=&#8221;{}&#8221; custom_padding__hover=&#8221;|||&#8221;][et_pb_image src=&#8221;https:\/\/ferdavefir.is\/wp-content\/uploads\/2019\/04\/konnulag-mylluberg8-1.jpg&#8221; align_tablet=&#8221;center&#8221; align_last_edited=&#8221;on|desktop&#8221; _builder_version=&#8221;3.23&#8243; global_colors_info=&#8221;{}&#8221; align_phone=&#8221;center&#8221;][\/et_pb_image][\/et_pb_column][et_pb_column type=&#8221;1_3&#8243; _builder_version=&#8221;3.25&#8243; custom_padding=&#8221;|||&#8221; global_colors_info=&#8221;{}&#8221; custom_padding__hover=&#8221;|||&#8221;][et_pb_image src=&#8221;https:\/\/ferdavefir.is\/wp-content\/uploads\/2019\/04\/skard16.jpg&#8221; align_tablet=&#8221;center&#8221; align_last_edited=&#8221;on|desktop&#8221; _builder_version=&#8221;3.23&#8243; global_colors_info=&#8221;{}&#8221; align_phone=&#8221;center&#8221;][\/et_pb_image][\/et_pb_column][\/et_pb_row][et_pb_row _builder_version=&#8221;4.14.6&#8243; max_width=&#8221;1200px&#8221; hover_enabled=&#8221;0&#8243; global_colors_info=&#8221;{}&#8221; column_structure=&#8221;1_3,1_3,1_3&#8243; width__hover_enabled=&#8221;on|desktop&#8221; sticky_enabled=&#8221;0&#8243;][et_pb_column type=&#8221;1_3&#8243; _builder_version=&#8221;3.25&#8243; custom_padding=&#8221;|||&#8221; global_colors_info=&#8221;{}&#8221; custom_padding__hover=&#8221;|||&#8221;][et_pb_image src=&#8221;https:\/\/ferdavefir.is\/wp-content\/uploads\/2019\/04\/au448.jpg&#8221; align_tablet=&#8221;center&#8221; align_last_edited=&#8221;on|desktop&#8221; _builder_version=&#8221;3.23&#8243; global_colors_info=&#8221;{}&#8221; align_phone=&#8221;center&#8221;][\/et_pb_image][\/et_pb_column][et_pb_column type=&#8221;1_3&#8243; _builder_version=&#8221;3.25&#8243; custom_padding=&#8221;|||&#8221; global_colors_info=&#8221;{}&#8221; custom_padding__hover=&#8221;|||&#8221;][et_pb_image src=&#8221;https:\/\/ferdavefir.is\/wp-content\/uploads\/2019\/04\/arngrimslundur2.jpg&#8221; align_tablet=&#8221;center&#8221; align_last_edited=&#8221;on|desktop&#8221; _builder_version=&#8221;3.23&#8243; global_colors_info=&#8221;{}&#8221; align_phone=&#8221;center&#8221;][\/et_pb_image][\/et_pb_column][et_pb_column type=&#8221;1_3&#8243; _builder_version=&#8221;3.25&#8243; custom_padding=&#8221;|||&#8221; global_colors_info=&#8221;{}&#8221; custom_padding__hover=&#8221;|||&#8221;][et_pb_image src=&#8221;https:\/\/ferdavefir.is\/wp-content\/uploads\/2019\/04\/au443-1.jpg&#8221; align_tablet=&#8221;center&#8221; align_last_edited=&#8221;on|desktop&#8221; _builder_version=&#8221;3.23&#8243; global_colors_info=&#8221;{}&#8221; align_phone=&#8221;center&#8221;][\/et_pb_image][\/et_pb_column][\/et_pb_row][\/et_pb_section][et_pb_section fb_built=&#8221;1&#8243; _builder_version=&#8221;3.22.4&#8243; background_color=&#8221;#4f556c&#8221; custom_padding=&#8221;150px||150px||true|&#8221; global_colors_info=&#8221;{}&#8221;][et_pb_row _builder_version=&#8221;4.14.6&#8243; hover_enabled=&#8221;0&#8243; global_colors_info=&#8221;{}&#8221; theme_builder_area=&#8221;post_content&#8221; max_width=&#8221;1200px&#8221; sticky_enabled=&#8221;0&#8243;][et_pb_column type=&#8221;4_4&#8243; _builder_version=&#8221;4.4.4&#8243; global_colors_info=&#8221;{}&#8221; theme_builder_area=&#8221;post_content&#8221;][et_pb_text _builder_version=&#8221;4.14.6&#8243; header_3_font=&#8221;|||on|||||&#8221; header_3_text_color=&#8221;#ffffff&#8221; header_3_font_size=&#8221;4vw&#8221; hover_enabled=&#8221;0&#8243; header_3_font_size_tablet=&#8221;6vw&#8221; header_3_font_size_phone=&#8221;8vw&#8221; header_3_font_size_last_edited=&#8221;on|phone&#8221; global_colors_info=&#8221;{}&#8221; theme_builder_area=&#8221;post_content&#8221; sticky_enabled=&#8221;0&#8243;]<\/p>\n<h3>website<\/h3>\n<p>[\/et_pb_text][\/et_pb_column][\/et_pb_row][et_pb_row _builder_version=&#8221;3.25&#8243; global_colors_info=&#8221;{}&#8221;][et_pb_column type=&#8221;4_4&#8243; _builder_version=&#8221;3.25&#8243; custom_padding=&#8221;|||&#8221; global_colors_info=&#8221;{}&#8221; custom_padding__hover=&#8221;|||&#8221;][et_pb_image src=&#8221;https:\/\/ferdavefir.is\/wp-content\/uploads\/2019\/04\/au44_web.png&#8221; align_tablet=&#8221;center&#8221; align_last_edited=&#8221;on|desktop&#8221; _builder_version=&#8221;4.14.6&#8243; hover_enabled=&#8221;0&#8243; global_colors_info=&#8221;{}&#8221; box_shadow_style=&#8221;preset2&#8243; sticky_enabled=&#8221;0&#8243; align_phone=&#8221;center&#8221;][\/et_pb_image][\/et_pb_column][\/et_pb_row][\/et_pb_section][et_pb_section fb_built=&#8221;1&#8243; _builder_version=&#8221;3.22.4&#8243; background_color=&#8221;#1a2238&#8243; global_colors_info=&#8221;{}&#8221;][et_pb_row _builder_version=&#8221;4.14.6&#8243; hover_enabled=&#8221;0&#8243; global_colors_info=&#8221;{}&#8221; theme_builder_area=&#8221;post_content&#8221; max_width=&#8221;1200px&#8221; sticky_enabled=&#8221;0&#8243;][et_pb_column type=&#8221;4_4&#8243; _builder_version=&#8221;4.4.4&#8243; global_colors_info=&#8221;{}&#8221; theme_builder_area=&#8221;post_content&#8221;][et_pb_text _builder_version=&#8221;4.14.6&#8243; header_3_font=&#8221;|||on|||||&#8221; header_3_text_color=&#8221;#ffffff&#8221; header_3_font_size=&#8221;4vw&#8221; hover_enabled=&#8221;0&#8243; header_3_font_size_tablet=&#8221;6vw&#8221; header_3_font_size_phone=&#8221;8vw&#8221; header_3_font_size_last_edited=&#8221;on|phone&#8221; global_colors_info=&#8221;{}&#8221; theme_builder_area=&#8221;post_content&#8221; sticky_enabled=&#8221;0&#8243;]<\/p>\n<h3>INFORMATION EMAILS<\/h3>\n<p>[\/et_pb_text][\/et_pb_column][\/et_pb_row][et_pb_row _builder_version=&#8221;4.14.6&#8243; max_width=&#8221;1200px&#8221; hover_enabled=&#8221;0&#8243; global_colors_info=&#8221;{}&#8221; column_structure=&#8221;1_3,1_3,1_3&#8243; sticky_enabled=&#8221;0&#8243;][et_pb_column type=&#8221;1_3&#8243; _builder_version=&#8221;3.25&#8243; custom_padding=&#8221;|||&#8221; global_colors_info=&#8221;{}&#8221; custom_padding__hover=&#8221;|||&#8221;][et_pb_image src=&#8221;https:\/\/ferdavefir.is\/wp-content\/uploads\/2019\/04\/AU44_CONFIRMATION.jpg&#8221; show_in_lightbox=&#8221;on&#8221; align_tablet=&#8221;center&#8221; align_last_edited=&#8221;on|desktop&#8221; _builder_version=&#8221;4.14.6&#8243; border_width_all=&#8221;3px&#8221; border_color_all=&#8221;#ffffff&#8221; global_colors_info=&#8221;{}&#8221; box_shadow_style=&#8221;preset2&#8243; align_phone=&#8221;center&#8221;][\/et_pb_image][\/et_pb_column][et_pb_column type=&#8221;1_3&#8243; _builder_version=&#8221;3.25&#8243; custom_padding=&#8221;|||&#8221; global_colors_info=&#8221;{}&#8221; custom_padding__hover=&#8221;|||&#8221;][et_pb_image src=&#8221;https:\/\/ferdavefir.is\/wp-content\/uploads\/2019\/04\/AU44_PRE-ARRIVAL.jpg&#8221; show_in_lightbox=&#8221;on&#8221; align_tablet=&#8221;center&#8221; align_last_edited=&#8221;on|desktop&#8221; _builder_version=&#8221;4.14.6&#8243; hover_enabled=&#8221;0&#8243; border_width_all=&#8221;3px&#8221; border_color_all=&#8221;#ffffff&#8221; global_colors_info=&#8221;{}&#8221; box_shadow_style=&#8221;preset2&#8243; sticky_enabled=&#8221;0&#8243; align_phone=&#8221;center&#8221;][\/et_pb_image][\/et_pb_column][et_pb_column type=&#8221;1_3&#8243; _builder_version=&#8221;3.25&#8243; custom_padding=&#8221;|||&#8221; global_colors_info=&#8221;{}&#8221; custom_padding__hover=&#8221;|||&#8221;][et_pb_image src=&#8221;https:\/\/ferdavefir.is\/wp-content\/uploads\/2019\/04\/AU44_REVIEW.jpg&#8221; show_in_lightbox=&#8221;on&#8221; align_tablet=&#8221;center&#8221; align_last_edited=&#8221;on|desktop&#8221; _builder_version=&#8221;4.14.6&#8243; border_width_all=&#8221;3px&#8221; border_color_all=&#8221;#ffffff&#8221; global_colors_info=&#8221;{}&#8221; box_shadow_style=&#8221;preset2&#8243; align_phone=&#8221;center&#8221;][\/et_pb_image][\/et_pb_column][\/et_pb_row][\/et_pb_section]<\/p>\n","protected":false},"excerpt":{"rendered":"<p>AU44The owner of AU44 Hostel approached us because he wanted to combine all his accommodations under the same brand, but together with AU44 Hostel he also runs bungalows around Fl\u00fa\u00f0ir and two apartments in Selfoss. We decided to use the AU44 brand for all the accommodations, but split the operation into three: AU44 Cottages, AU44 [&hellip;]<\/p>\n","protected":false},"author":1,"featured_media":0,"parent":50662,"menu_order":0,"comment_status":"closed","ping_status":"closed","template":"","meta":{"_et_pb_use_builder":"on","_et_pb_old_content":"","_et_gb_content_width":"","footnotes":""},"class_list":["post-50753","page","type-page","status-publish","hentry"],"yoast_head":"<!-- This site is optimized with the Yoast SEO plugin v27.0 - https:\/\/yoast.com\/product\/yoast-seo-wordpress\/ -->\n<title>AU44 - Fer\u00f0avefir<\/title>\n<meta name=\"robots\" content=\"index, follow, max-snippet:-1, max-image-preview:large, max-video-preview:-1\" \/>\n<link rel=\"canonical\" href=\"https:\/\/ferdavefir.is\/en\/the-works\/au44\/\" \/>\n<meta property=\"og:locale\" content=\"en_US\" \/>\n<meta property=\"og:type\" content=\"article\" \/>\n<meta property=\"og:title\" content=\"AU44 - Fer\u00f0avefir\" \/>\n<meta property=\"og:description\" content=\"AU44The owner of AU44 Hostel approached us because he wanted to combine all his accommodations under the same brand, but together with AU44 Hostel he also runs bungalows around Fl\u00fa\u00f0ir and two apartments in Selfoss. We decided to use the AU44 brand for all the accommodations, but split the operation into three: AU44 Cottages, AU44 [&hellip;]\" \/>\n<meta property=\"og:url\" content=\"https:\/\/ferdavefir.is\/en\/the-works\/au44\/\" \/>\n<meta property=\"og:site_name\" content=\"Fer\u00f0avefir\" \/>\n<meta property=\"article:publisher\" content=\"https:\/\/www.facebook.com\/ferdavefir\/\" \/>\n<meta property=\"article:modified_time\" content=\"2023-12-13T13:21:33+00:00\" \/>\n<meta property=\"og:image\" content=\"https:\/\/ferdavefir.is\/wp-content\/uploads\/2021\/08\/ferdavefir-scaled.jpeg\" \/>\n\t<meta property=\"og:image:width\" content=\"2000\" \/>\n\t<meta property=\"og:image:height\" content=\"740\" \/>\n\t<meta property=\"og:image:type\" content=\"image\/jpeg\" \/>\n<meta name=\"twitter:card\" content=\"summary_large_image\" \/>\n<meta name=\"twitter:label1\" content=\"Est. reading time\" \/>\n\t<meta name=\"twitter:data1\" content=\"9 minutes\" \/>\n<script type=\"application\/ld+json\" class=\"yoast-schema-graph\">{\"@context\":\"https:\/\/schema.org\",\"@graph\":[{\"@type\":\"WebPage\",\"@id\":\"https:\/\/ferdavefir.is\/en\/the-works\/au44\/\",\"url\":\"https:\/\/ferdavefir.is\/en\/the-works\/au44\/\",\"name\":\"AU44 - Fer\u00f0avefir\",\"isPartOf\":{\"@id\":\"https:\/\/ferdavefir.is\/en\/#website\"},\"datePublished\":\"2019-04-22T11:00:56+00:00\",\"dateModified\":\"2023-12-13T13:21:33+00:00\",\"breadcrumb\":{\"@id\":\"https:\/\/ferdavefir.is\/en\/the-works\/au44\/#breadcrumb\"},\"inLanguage\":\"en-US\",\"potentialAction\":[{\"@type\":\"ReadAction\",\"target\":[\"https:\/\/ferdavefir.is\/en\/the-works\/au44\/\"]}]},{\"@type\":\"BreadcrumbList\",\"@id\":\"https:\/\/ferdavefir.is\/en\/the-works\/au44\/#breadcrumb\",\"itemListElement\":[{\"@type\":\"ListItem\",\"position\":1,\"name\":\"Home\",\"item\":\"https:\/\/ferdavefir.is\/en\/travel-websites\/\"},{\"@type\":\"ListItem\",\"position\":2,\"name\":\"THE WORKS\",\"item\":\"https:\/\/ferdavefir.is\/en\/the-works\/\"},{\"@type\":\"ListItem\",\"position\":3,\"name\":\"AU44\"}]},{\"@type\":\"WebSite\",\"@id\":\"https:\/\/ferdavefir.is\/en\/#website\",\"url\":\"https:\/\/ferdavefir.is\/en\/\",\"name\":\"Fer\u00f0avefir\",\"description\":\"Vefs\u00ed\u00f0uger\u00f0 og marka\u00f0sefni fyrir fer\u00f0a\u00fej\u00f3nustuna\",\"publisher\":{\"@id\":\"https:\/\/ferdavefir.is\/en\/#organization\"},\"potentialAction\":[{\"@type\":\"SearchAction\",\"target\":{\"@type\":\"EntryPoint\",\"urlTemplate\":\"https:\/\/ferdavefir.is\/en\/?s={search_term_string}\"},\"query-input\":{\"@type\":\"PropertyValueSpecification\",\"valueRequired\":true,\"valueName\":\"search_term_string\"}}],\"inLanguage\":\"en-US\"},{\"@type\":\"Organization\",\"@id\":\"https:\/\/ferdavefir.is\/en\/#organization\",\"name\":\"Fer\u00f0avefir\",\"url\":\"https:\/\/ferdavefir.is\/en\/\",\"logo\":{\"@type\":\"ImageObject\",\"inLanguage\":\"en-US\",\"@id\":\"https:\/\/ferdavefir.is\/en\/#\/schema\/logo\/image\/\",\"url\":\"https:\/\/ferdavefir.is\/wp-content\/uploads\/2018\/03\/merki_klippt_blagraenn_200.png\",\"contentUrl\":\"https:\/\/ferdavefir.is\/wp-content\/uploads\/2018\/03\/merki_klippt_blagraenn_200.png\",\"width\":200,\"height\":200,\"caption\":\"Fer\u00f0avefir\"},\"image\":{\"@id\":\"https:\/\/ferdavefir.is\/en\/#\/schema\/logo\/image\/\"},\"sameAs\":[\"https:\/\/www.facebook.com\/ferdavefir\/\"]}]}<\/script>\n<!-- \/ Yoast SEO plugin. -->","yoast_head_json":{"title":"AU44 - Fer\u00f0avefir","robots":{"index":"index","follow":"follow","max-snippet":"max-snippet:-1","max-image-preview":"max-image-preview:large","max-video-preview":"max-video-preview:-1"},"canonical":"https:\/\/ferdavefir.is\/en\/the-works\/au44\/","og_locale":"en_US","og_type":"article","og_title":"AU44 - Fer\u00f0avefir","og_description":"AU44The owner of AU44 Hostel approached us because he wanted to combine all his accommodations under the same brand, but together with AU44 Hostel he also runs bungalows around Fl\u00fa\u00f0ir and two apartments in Selfoss. We decided to use the AU44 brand for all the accommodations, but split the operation into three: AU44 Cottages, AU44 [&hellip;]","og_url":"https:\/\/ferdavefir.is\/en\/the-works\/au44\/","og_site_name":"Fer\u00f0avefir","article_publisher":"https:\/\/www.facebook.com\/ferdavefir\/","article_modified_time":"2023-12-13T13:21:33+00:00","og_image":[{"width":2000,"height":740,"url":"https:\/\/ferdavefir.is\/wp-content\/uploads\/2021\/08\/ferdavefir-scaled.jpeg","type":"image\/jpeg"}],"twitter_card":"summary_large_image","twitter_misc":{"Est. reading time":"9 minutes"},"schema":{"@context":"https:\/\/schema.org","@graph":[{"@type":"WebPage","@id":"https:\/\/ferdavefir.is\/en\/the-works\/au44\/","url":"https:\/\/ferdavefir.is\/en\/the-works\/au44\/","name":"AU44 - Fer\u00f0avefir","isPartOf":{"@id":"https:\/\/ferdavefir.is\/en\/#website"},"datePublished":"2019-04-22T11:00:56+00:00","dateModified":"2023-12-13T13:21:33+00:00","breadcrumb":{"@id":"https:\/\/ferdavefir.is\/en\/the-works\/au44\/#breadcrumb"},"inLanguage":"en-US","potentialAction":[{"@type":"ReadAction","target":["https:\/\/ferdavefir.is\/en\/the-works\/au44\/"]}]},{"@type":"BreadcrumbList","@id":"https:\/\/ferdavefir.is\/en\/the-works\/au44\/#breadcrumb","itemListElement":[{"@type":"ListItem","position":1,"name":"Home","item":"https:\/\/ferdavefir.is\/en\/travel-websites\/"},{"@type":"ListItem","position":2,"name":"THE WORKS","item":"https:\/\/ferdavefir.is\/en\/the-works\/"},{"@type":"ListItem","position":3,"name":"AU44"}]},{"@type":"WebSite","@id":"https:\/\/ferdavefir.is\/en\/#website","url":"https:\/\/ferdavefir.is\/en\/","name":"Fer\u00f0avefir","description":"Vefs\u00ed\u00f0uger\u00f0 og marka\u00f0sefni fyrir fer\u00f0a\u00fej\u00f3nustuna","publisher":{"@id":"https:\/\/ferdavefir.is\/en\/#organization"},"potentialAction":[{"@type":"SearchAction","target":{"@type":"EntryPoint","urlTemplate":"https:\/\/ferdavefir.is\/en\/?s={search_term_string}"},"query-input":{"@type":"PropertyValueSpecification","valueRequired":true,"valueName":"search_term_string"}}],"inLanguage":"en-US"},{"@type":"Organization","@id":"https:\/\/ferdavefir.is\/en\/#organization","name":"Fer\u00f0avefir","url":"https:\/\/ferdavefir.is\/en\/","logo":{"@type":"ImageObject","inLanguage":"en-US","@id":"https:\/\/ferdavefir.is\/en\/#\/schema\/logo\/image\/","url":"https:\/\/ferdavefir.is\/wp-content\/uploads\/2018\/03\/merki_klippt_blagraenn_200.png","contentUrl":"https:\/\/ferdavefir.is\/wp-content\/uploads\/2018\/03\/merki_klippt_blagraenn_200.png","width":200,"height":200,"caption":"Fer\u00f0avefir"},"image":{"@id":"https:\/\/ferdavefir.is\/en\/#\/schema\/logo\/image\/"},"sameAs":["https:\/\/www.facebook.com\/ferdavefir\/"]}]}},"_links":{"self":[{"href":"https:\/\/ferdavefir.is\/en\/wp-json\/wp\/v2\/pages\/50753","targetHints":{"allow":["GET"]}}],"collection":[{"href":"https:\/\/ferdavefir.is\/en\/wp-json\/wp\/v2\/pages"}],"about":[{"href":"https:\/\/ferdavefir.is\/en\/wp-json\/wp\/v2\/types\/page"}],"author":[{"embeddable":true,"href":"https:\/\/ferdavefir.is\/en\/wp-json\/wp\/v2\/users\/1"}],"replies":[{"embeddable":true,"href":"https:\/\/ferdavefir.is\/en\/wp-json\/wp\/v2\/comments?post=50753"}],"version-history":[{"count":2,"href":"https:\/\/ferdavefir.is\/en\/wp-json\/wp\/v2\/pages\/50753\/revisions"}],"predecessor-version":[{"id":50765,"href":"https:\/\/ferdavefir.is\/en\/wp-json\/wp\/v2\/pages\/50753\/revisions\/50765"}],"up":[{"embeddable":true,"href":"https:\/\/ferdavefir.is\/en\/wp-json\/wp\/v2\/pages\/50662"}],"wp:attachment":[{"href":"https:\/\/ferdavefir.is\/en\/wp-json\/wp\/v2\/media?parent=50753"}],"curies":[{"name":"wp","href":"https:\/\/api.w.org\/{rel}","templated":true}]}}